{"id":33,"date":"2023-08-16T16:19:03","date_gmt":"2023-08-16T19:19:03","guid":{"rendered":"https:\/\/siebenmarcas.com.br\/?page_id=33"},"modified":"2023-09-28T16:45:47","modified_gmt":"2023-09-28T19:45:47","slug":"home","status":"publish","type":"page","link":"https:\/\/siebenmarcas.com.br\/index.php\/home\/","title":{"rendered":"Home"},"content":{"rendered":"\n<div class=\"wp-block-cover alignfull\" style=\"min-height:441px\"><span aria-hidden=\"true\" class=\"wp-block-cover__background has-ast-global-color-0-background-color has-background-dim-100 has-background-dim\"><\/span><div class=\"wp-block-cover__inner-container is-layout-flow wp-block-cover-is-layout-flow\">\n<div class=\"wp-block-group is-nowrap is-layout-flex wp-container-1 wp-block-group-is-layout-flex\">\n<h2 class=\"wp-block-heading has-text-align-left has-ast-global-color-2-color has-text-color has-large-font-size\">Registrar ficou r\u00e1pido<\/h2>\n<\/div>\n<\/div><\/div>\n\n\n\n<div class=\"wp-block-group alignfull has-ast-global-color-5-background-color has-background is-layout-constrained wp-container-3 wp-block-group-is-layout-constrained\" style=\"padding-bottom:0px\"><div class=\"wp-block-group__inner-container\"><\/div><\/div>\n\n\n\n<div class=\"wp-block-group alignfull is-layout-constrained wp-block-group-is-layout-constrained\" id=\"services\" style=\"padding-top:144px;padding-bottom:0px\"><div class=\"wp-block-group__inner-container\">\n<h2 class=\"wp-block-heading has-text-align-center\" style=\"margin-right:0;margin-left:0;padding-top:var(--wp--preset--spacing--30);padding-right:var(--wp--preset--spacing--80);padding-bottom:var(--wp--preset--spacing--30);padding-left:var(--wp--preset--spacing--80);font-size:37px\">entenda o processo<\/h2>\n\n\n\n<p class=\"has-text-align-center\" style=\"margin-top:0;margin-right:var(--wp--preset--spacing--70);margin-bottom:0;margin-left:var(--wp--preset--spacing--70);padding-top:0;padding-right:var(--wp--preset--spacing--80);padding-bottom:0;padding-left:var(--wp--preset--spacing--80);font-size:27px\"><strong>Confira todos os passos de um registro de marca<\/strong><br><strong>com suas etapas e prazos em uma linha do tempo:<\/strong><\/p>\n\n\n\n<div class=\"wp-block-columns are-vertically-aligned-center is-layout-flex wp-container-5 wp-block-columns-is-layout-flex\" style=\"margin-top:50px\">\n<div class=\"wp-block-column is-vertically-aligned-center is-layout-flow wp-block-column-is-layout-flow\">\n<figure class=\"wp-block-image size-full is-resized has-custom-border\"><img fetchpriority=\"high\" decoding=\"async\" src=\"https:\/\/siebenmarcas.com.br\/wp-content\/uploads\/2023\/09\/Sem-titulo-5.png\" alt=\"\" class=\"wp-image-66\" style=\"border-style:none;border-width:0px;width:1042px;height:1296px\" width=\"1042\" height=\"1296\" srcset=\"https:\/\/siebenmarcas.com.br\/wp-content\/uploads\/2023\/09\/Sem-titulo-5.png 8000w, https:\/\/siebenmarcas.com.br\/wp-content\/uploads\/2023\/09\/Sem-titulo-5-241x300.png 241w, https:\/\/siebenmarcas.com.br\/wp-content\/uploads\/2023\/09\/Sem-titulo-5-823x1024.png 823w, https:\/\/siebenmarcas.com.br\/wp-content\/uploads\/2023\/09\/Sem-titulo-5-768x955.png 768w, https:\/\/siebenmarcas.com.br\/wp-content\/uploads\/2023\/09\/Sem-titulo-5-1235x1536.png 1235w, https:\/\/siebenmarcas.com.br\/wp-content\/uploads\/2023\/09\/Sem-titulo-5-1647x2048.png 1647w\" sizes=\"(max-width: 1042px) 100vw, 1042px\" \/><\/figure>\n<\/div>\n<\/div>\n<\/div><\/div>\n\n\n\n<div class=\"wp-block-group alignfull has-ast-global-color-2-background-color has-background is-layout-constrained wp-container-7 wp-block-group-is-layout-constrained\" id=\"about\" style=\"padding-top:143px;padding-bottom:144px\"><div class=\"wp-block-group__inner-container\">\n<h2 class=\"wp-block-heading has-ast-global-color-1-color has-text-color has-large-font-size\">Nossos clientes<\/h2>\n<\/div><\/div>\n\n\n\n<div class=\"wp-block-group alignfull has-ast-global-color-4-background-color has-background is-horizontal is-content-justification-center is-nowrap is-layout-flex wp-container-13 wp-block-group-is-layout-flex\" id=\"reviews\">\n<div class=\"wp-block-columns is-layout-flex wp-container-12 wp-block-columns-is-layout-flex\">\n<div class=\"wp-block-column is-layout-flow wp-block-column-is-layout-flow\" style=\"flex-basis:100%\">\n<div class=\"wp-block-group is-horizontal is-content-justification-center is-nowrap is-layout-flex wp-container-10 wp-block-group-is-layout-flex\">\n<p class=\"has-text-align-center has-ast-global-color-2-color has-text-color has-large-font-size\"><strong>Riscos de <\/strong><br><strong>n\u00e3o registrar<\/strong><br><strong>sua marca<\/strong><\/p>\n\n\n\n<div class=\"wp-block-columns is-layout-flex wp-container-9 wp-block-columns-is-layout-flex\">\n<div class=\"wp-block-column is-layout-flow wp-block-column-is-layout-flow\" style=\"flex-basis:100%\">\n<ul>\n<li>Risco de <strong>fraudes e c\u00f3pias<\/strong><\/li>\n\n\n\n<li>Poss\u00edveis <strong>transtornos financeiros&nbsp;<\/strong><\/li>\n\n\n\n<li>Risco de <strong>perder o direito<\/strong> de uso da marca<\/li>\n\n\n\n<li>Cometer infra\u00e7\u00f5es e <strong>pagar indeniza\u00e7\u00f5es<\/strong><\/li>\n\n\n\n<li><strong>Prejudicar a reputa\u00e7\u00e3o<\/strong> da empresa<\/li>\n\n\n\n<li>Ser obrigado a <strong>trocar o nome<\/strong><\/li>\n<\/ul>\n<\/div>\n<\/div>\n<\/div>\n<\/div>\n<\/div>\n<\/div>\n\n\n\n<div class=\"wp-block-group alignfull is-layout-constrained wp-container-18 wp-block-group-is-layout-constrained\" id=\"whyus\" style=\"padding-top:144px;padding-bottom:144px\"><div class=\"wp-block-group__inner-container\">\n<h2 class=\"wp-block-heading has-text-align-center\">Sobre a Sieben<\/h2>\n\n\n\n<p class=\"has-ast-global-color-2-color has-ast-global-color-4-background-color has-text-color has-background\" style=\"font-size:22px\">Somos especialistas em prote\u00e7\u00e3o de marcas e estamos expandindo com produtos inovadores, visando facilitar e agilizar processos burocr\u00e1ticos para os empreendedores brasileiros.<\/p>\n\n\n\n<div class=\"wp-block-columns is-layout-flex wp-container-17 wp-block-columns-is-layout-flex\" style=\"margin-top:60px\">\n<div class=\"wp-block-column is-layout-flow wp-block-column-is-layout-flow\">\n<figure class=\"wp-block-image size-large\"><img decoding=\"async\" src=\"https:\/\/siebenmarcas.com.br\/wp-content\/themes\/astra\/inc\/assets\/images\/starter-content\/passionate.svg\" alt=\"\" class=\"wp-image-162\"\/><\/figure>\n\n\n\n<h3 class=\"wp-block-heading\" style=\"margin-top:16px\">Miss\u00e3o<\/h3>\n\n\n\n<p>Tempor ullamcorper urna, est, lectus amet sit tempor pretium mi sed morbi cras posuere sit ultrices bibendum augue sit ornare.<\/p>\n<\/div>\n\n\n\n<div class=\"wp-block-column is-layout-flow wp-block-column-is-layout-flow\">\n<figure class=\"wp-block-image size-large\"><img decoding=\"async\" src=\"https:\/\/siebenmarcas.com.br\/wp-content\/themes\/astra\/inc\/assets\/images\/starter-content\/professional.svg\" alt=\"\" class=\"wp-image-163\"\/><\/figure>\n\n\n\n<h3 class=\"wp-block-heading\" style=\"margin-top:16px\">Valores<\/h3>\n\n\n\n<p>Tempor ullamcorper urna, est, lectus amet sit tempor pretium mi sed morbi cras posuere sit ultrices bibendum augue sit ornare.<\/p>\n<\/div>\n\n\n\n<div class=\"wp-block-column is-layout-flow wp-block-column-is-layout-flow\">\n<figure class=\"wp-block-image size-large\"><img decoding=\"async\" src=\"https:\/\/siebenmarcas.com.br\/wp-content\/themes\/astra\/inc\/assets\/images\/starter-content\/support.svg\" alt=\"\" class=\"wp-image-164\"\/><\/figure>\n\n\n\n<h3 class=\"wp-block-heading\" style=\"margin-top:16px\">Vis\u00e3o<\/h3>\n\n\n\n<p>Tempor ullamcorper urna, est, lectus amet sit tempor pretium mi sed morbi cras posuere sit ultrices bibendum augue sit ornare.<\/p>\n<\/div>\n<\/div>\n<\/div><\/div>\n\n\n\n<div class=\"wp-block-group alignfull has-ast-global-color-2-background-color has-background is-layout-constrained wp-block-group-is-layout-constrained\" id=\"contact\" style=\"padding-top:104px;padding-bottom:104px\"><div class=\"wp-block-group__inner-container\">\n<blockquote class=\"wp-block-quote has-text-align-center\">\n<p class=\"has-ast-global-color-4-color has-text-color has-large-font-size\" style=\"font-style:normal;font-weight:200\">Dono de uma marca \u00e9\u00a0quem registra primeiro<br>e da forma\u00a0correta!<\/p>\n<\/blockquote>\n\n\n\n<p class=\"has-text-align-center has-ast-global-color-4-color has-text-color has-medium-font-size\" style=\"font-style:normal;font-weight:600\">Clique o a seguir para conferir a viabilidade do registro<br>e tire todas as suas d\u00favidas sobre registro de marcas!<\/p>\n\n\n\n<div class=\"wp-block-buttons alignwide is-horizontal is-content-justification-center is-layout-flex wp-container-19 wp-block-buttons-is-layout-flex\" style=\"margin-top:50px\">\n<div class=\"wp-block-button is-style-fill\"><a class=\"wp-block-button__link wp-element-button\" href=\"https:\/\/wa.me\/5548999373749?text=Ol%C3%A1%2C+gostaria+de+conferir+a+viabilidade+do+registro+da+minha+marca+e+tirar+algumas+duvidas+sobre+o+processo+do+registro.\">Quero registrar minha marca<\/a><\/div>\n<\/div>\n\n\n\n<blockquote class=\"wp-block-quote\">\n<p><\/p>\n<\/blockquote>\n<\/div><\/div>\n","protected":false},"excerpt":{"rendered":"<p>entenda o processo Confira todos os passos de um registro de marcacom suas etapas e prazos em uma linha do tempo: Nossos clientes Riscos de n\u00e3o registrarsua marca Sobre a Sieben Somos especialistas em prote\u00e7\u00e3o de marcas e estamos expandindo com produtos inovadores, visando facilitar e agilizar processos burocr\u00e1ticos para os empreendedores brasileiros. Miss\u00e3o Tempor [&hellip;]<\/p>\n","protected":false},"author":1,"featured_media":0,"parent":0,"menu_order":0,"comment_status":"closed","ping_status":"closed","template":"","meta":{"footnotes":""},"_links":{"self":[{"href":"https:\/\/siebenmarcas.com.br\/index.php\/wp-json\/wp\/v2\/pages\/33"}],"collection":[{"href":"https:\/\/siebenmarcas.com.br\/index.php\/wp-json\/wp\/v2\/pages"}],"about":[{"href":"https:\/\/siebenmarcas.com.br\/index.php\/wp-json\/wp\/v2\/types\/page"}],"author":[{"embeddable":true,"href":"https:\/\/siebenmarcas.com.br\/index.php\/wp-json\/wp\/v2\/users\/1"}],"replies":[{"embeddable":true,"href":"https:\/\/siebenmarcas.com.br\/index.php\/wp-json\/wp\/v2\/comments?post=33"}],"version-history":[{"count":12,"href":"https:\/\/siebenmarcas.com.br\/index.php\/wp-json\/wp\/v2\/pages\/33\/revisions"}],"predecessor-version":[{"id":88,"href":"https:\/\/siebenmarcas.com.br\/index.php\/wp-json\/wp\/v2\/pages\/33\/revisions\/88"}],"wp:attachment":[{"href":"https:\/\/siebenmarcas.com.br\/index.php\/wp-json\/wp\/v2\/media?parent=33"}],"curies":[{"name":"wp","href":"https:\/\/api.w.org\/{rel}","templated":true}]}}